{"id":27,"date":"2023-11-30T11:33:35","date_gmt":"2023-11-30T11:33:35","guid":{"rendered":"https:\/\/bennetpuit.ee\/fin\/?page_id=27"},"modified":"2024-01-29T21:51:47","modified_gmt":"2024-01-29T21:51:47","slug":"ottaa-yhteytta","status":"publish","type":"page","link":"https:\/\/bennetpuit.ee\/fin\/ottaa-yhteytta\/","title":{"rendered":"Ottaa yhteytt\u00e4"},"content":{"rendered":"<div id=\"pl-27\"  class=\"panel-layout\" ><div id=\"pg-27-0\"  class=\"panel-grid panel-no-style\" ><div id=\"pgc-27-0-0\"  class=\"panel-grid-cell\" ><div id=\"panel-27-0-0-0\" class=\"so-panel widget widget_sow-editor panel-first-child panel-last-child\" data-index=\"0\" ><div\n\t\t\t\n\t\t\tclass=\"so-widget-sow-editor so-widget-sow-editor-base\"\n\t\t\t\n\t\t>\n<div class=\"siteorigin-widget-tinymce textwidget\">\n\t<p><span style=\"color: #000000;\"><strong>Bennet Puit OY<\/strong><\/span><br \/>\n<span style=\"color: #000000;\">Aia 33a<\/span><br \/>\n<span style=\"color: #000000;\">Keila<br \/>\nEstonia<\/span><\/p>\n<p><span style=\"color: #000000;\">Avoinna arkisin: 8 - 17<\/span><\/p>\n<p><span style=\"color: #000000;\"><strong>Imre Ots<\/strong><\/span><br \/>\n<a href=\"mailto:imre@bennetpuit.ee\">imre@bennetpuit.ee<\/a><br \/>\n<span style=\"color: #000000;\">Puhelin: (+372) 502 2268<\/span><br \/>\n<span style=\"color: #000000;\">Puhelin: (+372) 678 2039<\/span><\/p>\n<p><span style=\"color: #000000;\"><strong>Paavo Vikat<\/strong><\/span><br \/>\n<a href=\"mailto:paavo@bennetpuit.ee\">paavo@bennetpuit.ee<\/a><br \/>\n<span style=\"color: #000000;\">Puhelin: (+372) 502 1602<\/span><br \/>\n<span style=\"color: #000000;\">Puhelin: (+372) 678 2441<\/span><\/p>\n<\/div>\n<\/div><\/div><\/div><div id=\"pgc-27-0-1\"  class=\"panel-grid-cell\" ><div id=\"panel-27-0-1-0\" class=\"so-panel widget widget_sow-contact-form panel-first-child panel-last-child\" data-index=\"1\" ><div\n\t\t\t\n\t\t\tclass=\"so-widget-sow-contact-form so-widget-sow-contact-form-default-1dceae4ce411-27\"\n\t\t\t\n\t\t>\t<form\n\t\taction=\"\/fin\/wp-json\/wp\/v2\/pages\/27\"\n\t\tmethod=\"POST\"\n\t\tclass=\"sow-contact-form\"\n\t\tid=\"contact-form-7723\"\n\t>\n\n\t\t\n\t\t\t\t\t<div class=\"sow-form-field sow-form-field-name\">\n\t\t\t\t<label class=\"sow-form-field-label-above\" for=\"sow-contact-form-field-sinun-nimesi-1\">\n\t\t\t\t<strong>\n\t\t\t\t\tSinun nimesi\t\t\t\t\t\t\t\t\t<\/strong>\n\t\t\t<\/label>\n\t\t\t\t\t\t\t<div class=\"sow-field-container\">\n\t\t\t\t\t\t\t<input\n\t\t\ttype=\"text\"\n\t\t\tname=\"sinun-nimesi-1\"\n\t\t\tid=\"sow-contact-form-field-sinun-nimesi-1\"\n\t\t\tvalue=\"\"\n\t\t\tclass=\"sow-text-field\"\n\t\t\t\t\t\t\t\t\/>\n\t\t\t\t\t\t<\/div>\n\t\t\t\t\t\t\t<\/div>\n\t\t\t\t\t\t<div class=\"sow-form-field sow-form-field-email\">\n\t\t\t\t<label class=\"sow-form-field-label-above\" for=\"sow-contact-form-field-sahkopostisi-1\">\n\t\t\t\t<strong>\n\t\t\t\t\tS\u00e4hk\u00f6postisi\t\t\t\t\t\t\t\t\t<\/strong>\n\t\t\t<\/label>\n\t\t\t\t\t\t\t<div class=\"sow-field-container\">\n\t\t\t\t\t\t\t<input\n\t\t\ttype=\"email\"\n\t\t\tname=\"sahkopostisi-1\"\n\t\t\tid=\"sow-contact-form-field-sahkopostisi-1\"\n\t\t\tvalue=\"\"\n\t\t\tclass=\"sow-text-field\"\t\t\t\t\t\t\t\t\/>\n\t\t\t\t\t\t<\/div>\n\t\t\t\t\t\t\t<\/div>\n\t\t\t\t\t\t<div class=\"sow-form-field sow-form-field-textarea\">\n\t\t\t\t<label class=\"sow-form-field-label-above\" for=\"sow-contact-form-field-kirje-1\">\n\t\t\t\t<strong>\n\t\t\t\t\tKirje\t\t\t\t\t\t\t\t\t<\/strong>\n\t\t\t<\/label>\n\t\t\t\t\t\t\t<div class=\"sow-field-container\">\n\t\t\t\t\t\t\t<textarea\n\t\t\tname=\"kirje-1\"\n\t\t\tid=\"sow-contact-form-field-kirje-1\"\n\t\t\trows=\"10\"\n\t\t\t\t\t\t\t\t><\/textarea>\n\t\t\t\t\t\t<\/div>\n\t\t\t\t\t\t\t<\/div>\n\t\t\t\n\t\t\n\t\t<div class=\"sow-submit-wrapper \n\t\tsow-submit-styled\t\t\">\n\n\t\t\t<button\n\t\t\t\ttype=\"submit\"\n\t\t\t\tclass=\"sow-submit\n\t\t\t\t\t\t\t\t\"\n\t\t\t\t\t\t\t>\n\t\t\t\tL\u00e4hett\u00e4\u00e4\t\t\t<\/button>\n\t\t<\/div>\n\t\t\t\t<input\n\t\t\ttype=\"hidden\"\n\t\t\tname=\"instance_hash-1\"\n\t\t\tvalue=\"77233098\"\n\t\t\/>\n\n\t\t<input type=\"hidden\" id=\"_wpnonce\" name=\"_wpnonce\" value=\"e5069dfb44\" \/><input type=\"hidden\" name=\"_wp_http_referer\" value=\"\/fin\/wp-json\/wp\/v2\/pages\/27\" \/>\t<\/form>\n\t<\/div><\/div><\/div><\/div><\/div>","protected":false},"excerpt":{"rendered":"<p>Bennet Puit OY Aia 33a Keila Estonia Avoinna arkisin: 8 &#8211; 17 Imre Ots imre@bennetpuit.ee Puhelin: (+372) 502 2268 Puhelin:<\/p>\n<p><a href=\"https:\/\/bennetpuit.ee\/fin\/ottaa-yhteytta\/\" class=\"more-link\">Continue reading<span class=\"screen-reader-text\">Ottaa yhteytt\u00e4<\/span><\/a><\/p>\n","protected":false},"author":1,"featured_media":0,"parent":0,"menu_order":0,"comment_status":"closed","ping_status":"closed","template":"","meta":{"ngg_post_thumbnail":0,"footnotes":""},"class_list":["post-27","page","type-page","status-publish","hentry"],"_links":{"self":[{"href":"https:\/\/bennetpuit.ee\/fin\/wp-json\/wp\/v2\/pages\/27","targetHints":{"allow":["GET"]}}],"collection":[{"href":"https:\/\/bennetpuit.ee\/fin\/wp-json\/wp\/v2\/pages"}],"about":[{"href":"https:\/\/bennetpuit.ee\/fin\/wp-json\/wp\/v2\/types\/page"}],"author":[{"embeddable":true,"href":"https:\/\/bennetpuit.ee\/fin\/wp-json\/wp\/v2\/users\/1"}],"replies":[{"embeddable":true,"href":"https:\/\/bennetpuit.ee\/fin\/wp-json\/wp\/v2\/comments?post=27"}],"version-history":[{"count":4,"href":"https:\/\/bennetpuit.ee\/fin\/wp-json\/wp\/v2\/pages\/27\/revisions"}],"predecessor-version":[{"id":266,"href":"https:\/\/bennetpuit.ee\/fin\/wp-json\/wp\/v2\/pages\/27\/revisions\/266"}],"wp:attachment":[{"href":"https:\/\/bennetpuit.ee\/fin\/wp-json\/wp\/v2\/media?parent=27"}],"curies":[{"name":"wp","href":"https:\/\/api.w.org\/{rel}","templated":true}]}}