{"id":22,"date":"2023-11-30T11:24:20","date_gmt":"2023-11-30T11:24:20","guid":{"rendered":"https:\/\/bennetpuit.ee\/fin\/?page_id=22"},"modified":"2024-01-27T19:51:00","modified_gmt":"2024-01-27T19:51:00","slug":"ikkunalaudat","status":"publish","type":"page","link":"https:\/\/bennetpuit.ee\/fin\/ikkunalaudat\/","title":{"rendered":"Ikkunalaudat"},"content":{"rendered":"<div id=\"pl-22\"  class=\"panel-layout\" ><div id=\"pg-22-0\"  class=\"panel-grid panel-no-style\" ><div id=\"pgc-22-0-0\"  class=\"panel-grid-cell\" ><div id=\"panel-22-0-0-0\" class=\"so-panel widget widget_sow-editor panel-first-child panel-last-child\" data-index=\"0\" ><div\n\t\t\t\n\t\t\tclass=\"so-widget-sow-editor so-widget-sow-editor-base\"\n\t\t\t\n\t\t>\n<div class=\"siteorigin-widget-tinymce textwidget\">\n\tngg_shortcode_0_placeholder\n<\/div>\n<\/div><\/div><\/div><\/div><div id=\"pg-22-1\"  class=\"panel-grid panel-no-style\" ><div id=\"pgc-22-1-0\"  class=\"panel-grid-cell\" ><div id=\"panel-22-1-0-0\" class=\"so-panel widget widget_sow-editor panel-first-child panel-last-child\" data-index=\"1\" ><div\n\t\t\t\n\t\t\tclass=\"so-widget-sow-editor so-widget-sow-editor-base\"\n\t\t\t\n\t\t>\n<div class=\"siteorigin-widget-tinymce textwidget\">\n\t<p>K\u00e4yt\u00e4mme ikkunalaudojen valmistukseen eripaksuisia liimapuuta ja MDF-levy\u00e4.<\/p>\n<\/div>\n<\/div><\/div><\/div><\/div><\/div>","protected":false},"excerpt":{"rendered":"<p>K\u00e4yt\u00e4mme ikkunalaudojen valmistukseen eripaksuisia liimapuuta ja MDF-levy\u00e4.<\/p>\n","protected":false},"author":1,"featured_media":0,"parent":0,"menu_order":0,"comment_status":"closed","ping_status":"closed","template":"","meta":{"ngg_post_thumbnail":0,"footnotes":""},"class_list":["post-22","page","type-page","status-publish","hentry"],"_links":{"self":[{"href":"https:\/\/bennetpuit.ee\/fin\/wp-json\/wp\/v2\/pages\/22","targetHints":{"allow":["GET"]}}],"collection":[{"href":"https:\/\/bennetpuit.ee\/fin\/wp-json\/wp\/v2\/pages"}],"about":[{"href":"https:\/\/bennetpuit.ee\/fin\/wp-json\/wp\/v2\/types\/page"}],"author":[{"embeddable":true,"href":"https:\/\/bennetpuit.ee\/fin\/wp-json\/wp\/v2\/users\/1"}],"replies":[{"embeddable":true,"href":"https:\/\/bennetpuit.ee\/fin\/wp-json\/wp\/v2\/comments?post=22"}],"version-history":[{"count":3,"href":"https:\/\/bennetpuit.ee\/fin\/wp-json\/wp\/v2\/pages\/22\/revisions"}],"predecessor-version":[{"id":255,"href":"https:\/\/bennetpuit.ee\/fin\/wp-json\/wp\/v2\/pages\/22\/revisions\/255"}],"wp:attachment":[{"href":"https:\/\/bennetpuit.ee\/fin\/wp-json\/wp\/v2\/media?parent=22"}],"curies":[{"name":"wp","href":"https:\/\/api.w.org\/{rel}","templated":true}]}}